{"id":7534,"date":"2018-05-10T13:22:00","date_gmt":"2018-05-10T11:22:00","guid":{"rendered":"https:\/\/institutojaponesdebilbao.com\/?page_id=7534"},"modified":"2020-02-04T10:49:46","modified_gmt":"2020-02-04T09:49:46","slug":"cookien-politika","status":"publish","type":"page","link":"https:\/\/institutojaponesdebilbao.com\/eu\/cookien-politika\/","title":{"rendered":"Cookien politika"},"content":{"rendered":"<p>Este sitio web, usa Cookies para mejorar y optimizar la experiencia del usuario. A continuaci\u00f3n encontrar\u00e1s informaci\u00f3n detallada sobre qu\u00e9 son las \u201cCookies\u201d, qu\u00e9 tipolog\u00eda utiliza este sitio web, c\u00f3mo puedes desactivarlas en tu navegador y c\u00f3mo bloquear espec\u00edficamente la instalaci\u00f3n de Cookies de terceros.<\/p>\n<p><strong>\u00bfQu\u00e9 son las Cookies y c\u00f3mo las utilizan los sitios web del CLIENTE?<\/strong><\/p>\n<p>Las Cookies son archivos que el sitio web o la aplicaci\u00f3n que utilizas instala en tu navegador o en tu dispositivo (Smartphone, tableta\u2026\u2026) durante tu recorrido por las p\u00e1ginas o por la aplicaci\u00f3n, y sirven para almacenar informaci\u00f3n sobre tu visita. Como la mayor\u00eda de los sitios en internet, los portales web del\u00a0<strong>CLIENTE <\/strong>\u00a0utilizan Cookies para:<\/p>\n<ul>\n<li>Asegurar que las p\u00e1ginas web pueden funcionar correctamente<\/li>\n<li>Almacenar sus preferencias, como el idioma que has seleccionado o el tama\u00f1o de letra.<\/li>\n<li>Conocer tu experiencia de navegaci\u00f3n.<\/li>\n<li>Recopilar informaci\u00f3n estad\u00edstica an\u00f3nima, como qu\u00e9 p\u00e1ginas has visto o cu\u00e1nto tiempo has estado en nuestros medios.<\/li>\n<\/ul>\n<p>El uso de Cookies nos permite optimizar su navegaci\u00f3n, adaptando la informaci\u00f3n y los servicios ofrecidos a tus intereses, para proporcionarte una mejor experiencia siempre que nos visites. Los sitios web del <strong>CLIENTE<\/strong>\u00a0utilizan Cookies para funcionar, adaptar y facilitar al m\u00e1ximo la navegaci\u00f3n del Usuario.<\/p>\n<p>Las Cookies se asocian \u00fanicamente a un usuario an\u00f3nimo y su ordenador\/dispositivo y no proporcionan referencias que permitan conocer datos personales. En todo momento podr\u00e1s acceder a la configuraci\u00f3n de tu navegador para modificar y\/o bloquear la instalaci\u00f3n de las Cookies enviadas por los sitios web del <strong>CLIENTE<\/strong>, sin que ello impida al acceso a los contenidos. Sin embargo, la calidad del funcionamiento de los Servicios puede verse afectada.<\/p>\n<p>Los Usuarios que completen el proceso de registro o hayan iniciado sesi\u00f3n con sus datos de acceso podr\u00e1n acceder a servicios personalizados y adaptados a sus preferencias seg\u00fan la informaci\u00f3n personal suministrada en el momento del registro y la almacenada en la Cookie de su navegador.<\/p>\n<ul>\n<li>La cookies de autenticaci\u00f3n son por defecto cookies temporales (por sesiones) no persistentes, sin embargo, los usuarios pueden hacerla persistente marcando la casilla &#8220;Remember login&#8221; en el control de acceso. Para usuarios registrados.<\/li>\n<li>Las cookies de sesi\u00f3n, que se producen al loguearse tienen una duraci\u00f3n de 30 minutos desde \u00faltimo per\u00edodo de actividad. Para usuarios registrados.<\/li>\n<li>Se crea una cookie llamada &#8220;lenguaje&#8221; para almacenar el lenguaje &#8211; en una instalaci\u00f3n monoling\u00fces esto es simplemente el idioma por defecto del navegador, pero si el sitio es compatible con varios idiomas, entonces puede ser diferente seg\u00fan el idioma seleccionado. Para todo tipos de usuarios.<\/li>\n<\/ul>\n<p><strong>\u00bfC\u00f3mo puedo configurar mis Cookies?<\/strong><\/p>\n<ul>\n<li>Al navegar y continuar en nuestro Sitio Web estar\u00e1 consintiendo el uso de las Cookies en las condiciones contenidas en la presente Pol\u00edtica de Cookies.\u00a0<strong>CLIENTE<\/strong>\u00a0proporciona acceso a esta Pol\u00edtica de Cookies en el momento del registro con el objetivo de que el usuario est\u00e9 informado, y sin perjuicio de que \u00e9ste pueda ejercer su derecho a bloquear, eliminar y rechazar el uso de Cookies en todo momento.<\/li>\n<li>En cualquier caso le informamos de que, dado que las Cookies no son necesarias para el uso de nuestro Sitio Web, puede bloquearlas o deshabilitarlas activando la configuraci\u00f3n de su navegador, que le permite rechazar la instalaci\u00f3n de todas las cookies o de algunas de ellas. La pr\u00e1ctica mayor\u00eda de los navegadores permiten advertir de la presencia de Cookies o rechazarlas autom\u00e1ticamente. Si las rechaza podr\u00e1 seguir usando nuestro Sitio Web, aunque el uso de algunos de sus servicios podr\u00e1 ser limitado y por tanto su experiencia en nuestro Sitio Web menos satisfactoria.<\/li>\n<\/ul>\n<p><strong>\u00bfC\u00f3mo puedo bloquear o permitir las cookies?<\/strong><\/p>\n<p>El usuario podr\u00e1 -en cualquier momento- elegir qu\u00e9 cookies quiere que funcionen en este sitio web mediante:<\/p>\n<ul>\n<li>la configuraci\u00f3n del\u00a0<strong>navegador<\/strong>; por ejemplo:\n<ul>\n<li><strong>Chrome<\/strong>, desde\u00a0<a href=\"http:\/\/support.google.com\/chrome\/bin\/answer.py?hl=es&amp;answer=95647\">http:\/\/support.google.com\/chrome\/bin\/answer.py?hl=es&amp;answer=95647<\/a><\/li>\n<li><strong>Explorer<\/strong>, desde\u00a0<a href=\"http:\/\/windows.microsoft.com\/es-es\/windows7\/how-to-manage-cookies-in-internet-explorer-9\">http:\/\/windows.microsoft.com\/es-es\/windows7\/how-to-manage-cookies-in-internet-explorer-9<\/a><\/li>\n<li><strong>Firefox<\/strong>, desde\u00a0<a href=\"http:\/\/support.mozilla.org\/es\/kb\/habilitar-y-deshabilitar-cookies-que-los-sitios-we\">http:\/\/support.mozilla.org\/es\/kb\/habilitar-y-deshabilitar-cookies-que-los-sitios-we<\/a><\/li>\n<li><strong>Safari<\/strong>, desde\u00a0<a href=\"http:\/\/support.apple.com\/kb\/ph5042\">http:\/\/support.apple.com\/kb\/ph5042<\/a><\/li>\n<\/ul>\n<\/li>\n<li>Existen herramientas de terceros, disponibles on line, que permiten a los usuarios detectar las cookies en cada sitio web que visita y gestionar su desactivaci\u00f3n.<\/li>\n<\/ul>\n","protected":false},"excerpt":{"rendered":"<p>Este sitio web, usa Cookies para mejorar y optimizar la experiencia del usuario. A continuaci\u00f3n encontrar\u00e1s informaci\u00f3n detallada sobre qu\u00e9 son las \u201cCookies\u201d, qu\u00e9 tipolog\u00eda utiliza este sitio web, c\u00f3mo puedes desactivarlas en tu navegador y c\u00f3mo bloquear espec\u00edficamente la instalaci\u00f3n de Cookies de terceros. \u00bfQu\u00e9 son las Cookies y c\u00f3mo las utilizan los sitios [&hellip;]<\/p>\n","protected":false},"author":1,"featured_media":0,"parent":0,"menu_order":0,"comment_status":"closed","ping_status":"closed","template":"","meta":[],"_links":{"self":[{"href":"https:\/\/institutojaponesdebilbao.com\/eu\/wp-json\/wp\/v2\/pages\/7534"}],"collection":[{"href":"https:\/\/institutojaponesdebilbao.com\/eu\/wp-json\/wp\/v2\/pages"}],"about":[{"href":"https:\/\/institutojaponesdebilbao.com\/eu\/wp-json\/wp\/v2\/types\/page"}],"author":[{"embeddable":true,"href":"https:\/\/institutojaponesdebilbao.com\/eu\/wp-json\/wp\/v2\/users\/1"}],"replies":[{"embeddable":true,"href":"https:\/\/institutojaponesdebilbao.com\/eu\/wp-json\/wp\/v2\/comments?post=7534"}],"version-history":[{"count":3,"href":"https:\/\/institutojaponesdebilbao.com\/eu\/wp-json\/wp\/v2\/pages\/7534\/revisions"}],"predecessor-version":[{"id":8512,"href":"https:\/\/institutojaponesdebilbao.com\/eu\/wp-json\/wp\/v2\/pages\/7534\/revisions\/8512"}],"wp:attachment":[{"href":"https:\/\/institutojaponesdebilbao.com\/eu\/wp-json\/wp\/v2\/media?parent=7534"}],"curies":[{"name":"wp","href":"https:\/\/api.w.org\/{rel}","templated":true}]}}